{"id":1710,"date":"2024-10-29T16:07:31","date_gmt":"2024-10-29T15:07:31","guid":{"rendered":"https:\/\/serbiaopen.org\/igraci-2\/ivan-sabanov-matej-sabanov\/"},"modified":"2024-10-29T16:07:31","modified_gmt":"2024-10-29T15:07:31","slug":"ivan-sabanov-matej-sabanov","status":"publish","type":"page","link":"https:\/\/serbiaopen.org\/sr\/igraci-2\/ivan-sabanov-matej-sabanov\/","title":{"rendered":"Ivan Sabanov &amp; Matej Sabanov"},"content":{"rendered":"<p>Matej Sabanov i Ivan Sabanov su srpski teniski tandem. Zauzimaju 179. odnosno 180. mesto na ATP listi u dubl kategoriji. Juniorsku karijeru zapocinju u TK Palic, a sa 15 godina prelaze u Osijek. Postaju poznatiji teniskoj javnosti kada su osvojili Serbian Open 2021. godine. Bra\u0107a ro\u0111ena u Subotici, ina\u010de hrvatskog porekla, odlu\u010dili su, da zbog prvog reketa sveta Novaka \u0110okovi\u0107a, nastupaju za tenisku reprezentaciju Srbije. U karijeri su osvojili 29 fju\u010ders trofeja, a sada im je cilj da postanu redovni u\u010desnici na grend slem turnirima i turnirima iz masters serije.    <\/p>\n","protected":false},"excerpt":{"rendered":"<p>Matej Sabanov i Ivan Sabanov su srpski teniski tandem. Zauzimaju [&hellip;]<\/p>\n","protected":false},"author":1,"featured_media":1679,"parent":1543,"menu_order":0,"comment_status":"closed","ping_status":"closed","template":"100-width.php","meta":{"_acf_changed":false,"footnotes":""},"class_list":["post-1710","page","type-page","status-publish","has-post-thumbnail","hentry"],"acf":[],"yoast_head":"<!-- This site is optimized with the Yoast SEO plugin v23.7 - https:\/\/yoast.com\/wordpress\/plugins\/seo\/ -->\n<title>Ivan Sabanov &amp; Matej Sabanov - Belgrade Open<\/title>\n<meta name=\"robots\" content=\"index, follow, max-snippet:-1, max-image-preview:large, max-video-preview:-1\" \/>\n<link rel=\"canonical\" href=\"https:\/\/serbiaopen.org\/sr\/igraci-2\/ivan-sabanov-matej-sabanov\/\" \/>\n<meta property=\"og:locale\" content=\"sr_RS\" \/>\n<meta property=\"og:type\" content=\"article\" \/>\n<meta property=\"og:title\" content=\"Ivan Sabanov &amp; Matej Sabanov - Belgrade Open\" \/>\n<meta property=\"og:description\" content=\"Matej Sabanov i Ivan Sabanov su srpski teniski tandem. Zauzimaju [&hellip;]\" \/>\n<meta property=\"og:url\" content=\"https:\/\/serbiaopen.org\/sr\/igraci-2\/ivan-sabanov-matej-sabanov\/\" \/>\n<meta property=\"og:site_name\" content=\"Belgrade Open\" \/>\n<meta property=\"article:publisher\" content=\"https:\/\/www.facebook.com\/serbiaopenofficial\" \/>\n<meta name=\"twitter:card\" content=\"summary_large_image\" \/>\n<script type=\"application\/ld+json\" class=\"yoast-schema-graph\">{\"@context\":\"https:\/\/schema.org\",\"@graph\":[{\"@type\":\"WebPage\",\"@id\":\"https:\/\/serbiaopen.org\/sr\/igraci-2\/ivan-sabanov-matej-sabanov\/\",\"url\":\"https:\/\/serbiaopen.org\/sr\/igraci-2\/ivan-sabanov-matej-sabanov\/\",\"name\":\"Ivan Sabanov &amp; Matej Sabanov - Belgrade Open\",\"isPartOf\":{\"@id\":\"https:\/\/serbiaopen.org\/sr\/#website\"},\"primaryImageOfPage\":{\"@id\":\"https:\/\/serbiaopen.org\/sr\/igraci-2\/ivan-sabanov-matej-sabanov\/#primaryimage\"},\"image\":{\"@id\":\"https:\/\/serbiaopen.org\/sr\/igraci-2\/ivan-sabanov-matej-sabanov\/#primaryimage\"},\"thumbnailUrl\":\"https:\/\/serbiaopen.org\/wp-content\/uploads\/2024\/10\/D4-1.png\",\"datePublished\":\"2024-10-29T15:07:31+00:00\",\"dateModified\":\"2024-10-29T15:07:31+00:00\",\"breadcrumb\":{\"@id\":\"https:\/\/serbiaopen.org\/sr\/igraci-2\/ivan-sabanov-matej-sabanov\/#breadcrumb\"},\"inLanguage\":\"sr-RS\",\"potentialAction\":[{\"@type\":\"ReadAction\",\"target\":[\"https:\/\/serbiaopen.org\/sr\/igraci-2\/ivan-sabanov-matej-sabanov\/\"]}]},{\"@type\":\"ImageObject\",\"inLanguage\":\"sr-RS\",\"@id\":\"https:\/\/serbiaopen.org\/sr\/igraci-2\/ivan-sabanov-matej-sabanov\/#primaryimage\",\"url\":\"https:\/\/serbiaopen.org\/wp-content\/uploads\/2024\/10\/D4-1.png\",\"contentUrl\":\"https:\/\/serbiaopen.org\/wp-content\/uploads\/2024\/10\/D4-1.png\",\"width\":935,\"height\":1402},{\"@type\":\"BreadcrumbList\",\"@id\":\"https:\/\/serbiaopen.org\/sr\/igraci-2\/ivan-sabanov-matej-sabanov\/#breadcrumb\",\"itemListElement\":[{\"@type\":\"ListItem\",\"position\":1,\"name\":\"Home\",\"item\":\"https:\/\/serbiaopen.org\/sr\/\"},{\"@type\":\"ListItem\",\"position\":2,\"name\":\"Dubl\",\"item\":\"https:\/\/serbiaopen.org\/sr\/igraci-2\/\"},{\"@type\":\"ListItem\",\"position\":3,\"name\":\"Ivan Sabanov &amp; Matej Sabanov\"}]},{\"@type\":\"WebSite\",\"@id\":\"https:\/\/serbiaopen.org\/sr\/#website\",\"url\":\"https:\/\/serbiaopen.org\/sr\/\",\"name\":\"Belgrade Open 2024\",\"description\":\"ATP Turnir 250\",\"publisher\":{\"@id\":\"https:\/\/serbiaopen.org\/sr\/#organization\"},\"potentialAction\":[{\"@type\":\"SearchAction\",\"target\":{\"@type\":\"EntryPoint\",\"urlTemplate\":\"https:\/\/serbiaopen.org\/sr\/?s={search_term_string}\"},\"query-input\":{\"@type\":\"PropertyValueSpecification\",\"valueRequired\":true,\"valueName\":\"search_term_string\"}}],\"inLanguage\":\"sr-RS\"},{\"@type\":\"Organization\",\"@id\":\"https:\/\/serbiaopen.org\/sr\/#organization\",\"name\":\"Belgrade Open 2024\",\"url\":\"https:\/\/serbiaopen.org\/sr\/\",\"logo\":{\"@type\":\"ImageObject\",\"inLanguage\":\"sr-RS\",\"@id\":\"https:\/\/serbiaopen.org\/sr\/#\/schema\/logo\/image\/\",\"url\":\"https:\/\/serbiaopen.org\/wp-content\/uploads\/2024\/10\/card.png\",\"contentUrl\":\"https:\/\/serbiaopen.org\/wp-content\/uploads\/2024\/10\/card.png\",\"width\":1920,\"height\":1080,\"caption\":\"Belgrade Open 2024\"},\"image\":{\"@id\":\"https:\/\/serbiaopen.org\/sr\/#\/schema\/logo\/image\/\"},\"sameAs\":[\"https:\/\/www.facebook.com\/serbiaopenofficial\"]}]}<\/script>\n<!-- \/ Yoast SEO plugin. -->","yoast_head_json":{"title":"Ivan Sabanov &amp; Matej Sabanov - Belgrade Open","robots":{"index":"index","follow":"follow","max-snippet":"max-snippet:-1","max-image-preview":"max-image-preview:large","max-video-preview":"max-video-preview:-1"},"canonical":"https:\/\/serbiaopen.org\/sr\/igraci-2\/ivan-sabanov-matej-sabanov\/","og_locale":"sr_RS","og_type":"article","og_title":"Ivan Sabanov &amp; Matej Sabanov - Belgrade Open","og_description":"Matej Sabanov i Ivan Sabanov su srpski teniski tandem. Zauzimaju [&hellip;]","og_url":"https:\/\/serbiaopen.org\/sr\/igraci-2\/ivan-sabanov-matej-sabanov\/","og_site_name":"Belgrade Open","article_publisher":"https:\/\/www.facebook.com\/serbiaopenofficial","twitter_card":"summary_large_image","schema":{"@context":"https:\/\/schema.org","@graph":[{"@type":"WebPage","@id":"https:\/\/serbiaopen.org\/sr\/igraci-2\/ivan-sabanov-matej-sabanov\/","url":"https:\/\/serbiaopen.org\/sr\/igraci-2\/ivan-sabanov-matej-sabanov\/","name":"Ivan Sabanov &amp; Matej Sabanov - Belgrade Open","isPartOf":{"@id":"https:\/\/serbiaopen.org\/sr\/#website"},"primaryImageOfPage":{"@id":"https:\/\/serbiaopen.org\/sr\/igraci-2\/ivan-sabanov-matej-sabanov\/#primaryimage"},"image":{"@id":"https:\/\/serbiaopen.org\/sr\/igraci-2\/ivan-sabanov-matej-sabanov\/#primaryimage"},"thumbnailUrl":"https:\/\/serbiaopen.org\/wp-content\/uploads\/2024\/10\/D4-1.png","datePublished":"2024-10-29T15:07:31+00:00","dateModified":"2024-10-29T15:07:31+00:00","breadcrumb":{"@id":"https:\/\/serbiaopen.org\/sr\/igraci-2\/ivan-sabanov-matej-sabanov\/#breadcrumb"},"inLanguage":"sr-RS","potentialAction":[{"@type":"ReadAction","target":["https:\/\/serbiaopen.org\/sr\/igraci-2\/ivan-sabanov-matej-sabanov\/"]}]},{"@type":"ImageObject","inLanguage":"sr-RS","@id":"https:\/\/serbiaopen.org\/sr\/igraci-2\/ivan-sabanov-matej-sabanov\/#primaryimage","url":"https:\/\/serbiaopen.org\/wp-content\/uploads\/2024\/10\/D4-1.png","contentUrl":"https:\/\/serbiaopen.org\/wp-content\/uploads\/2024\/10\/D4-1.png","width":935,"height":1402},{"@type":"BreadcrumbList","@id":"https:\/\/serbiaopen.org\/sr\/igraci-2\/ivan-sabanov-matej-sabanov\/#breadcrumb","itemListElement":[{"@type":"ListItem","position":1,"name":"Home","item":"https:\/\/serbiaopen.org\/sr\/"},{"@type":"ListItem","position":2,"name":"Dubl","item":"https:\/\/serbiaopen.org\/sr\/igraci-2\/"},{"@type":"ListItem","position":3,"name":"Ivan Sabanov &amp; Matej Sabanov"}]},{"@type":"WebSite","@id":"https:\/\/serbiaopen.org\/sr\/#website","url":"https:\/\/serbiaopen.org\/sr\/","name":"Belgrade Open 2024","description":"ATP Turnir 250","publisher":{"@id":"https:\/\/serbiaopen.org\/sr\/#organization"},"potentialAction":[{"@type":"SearchAction","target":{"@type":"EntryPoint","urlTemplate":"https:\/\/serbiaopen.org\/sr\/?s={search_term_string}"},"query-input":{"@type":"PropertyValueSpecification","valueRequired":true,"valueName":"search_term_string"}}],"inLanguage":"sr-RS"},{"@type":"Organization","@id":"https:\/\/serbiaopen.org\/sr\/#organization","name":"Belgrade Open 2024","url":"https:\/\/serbiaopen.org\/sr\/","logo":{"@type":"ImageObject","inLanguage":"sr-RS","@id":"https:\/\/serbiaopen.org\/sr\/#\/schema\/logo\/image\/","url":"https:\/\/serbiaopen.org\/wp-content\/uploads\/2024\/10\/card.png","contentUrl":"https:\/\/serbiaopen.org\/wp-content\/uploads\/2024\/10\/card.png","width":1920,"height":1080,"caption":"Belgrade Open 2024"},"image":{"@id":"https:\/\/serbiaopen.org\/sr\/#\/schema\/logo\/image\/"},"sameAs":["https:\/\/www.facebook.com\/serbiaopenofficial"]}]}},"_links":{"self":[{"href":"https:\/\/serbiaopen.org\/sr\/wp-json\/wp\/v2\/pages\/1710"}],"collection":[{"href":"https:\/\/serbiaopen.org\/sr\/wp-json\/wp\/v2\/pages"}],"about":[{"href":"https:\/\/serbiaopen.org\/sr\/wp-json\/wp\/v2\/types\/page"}],"author":[{"embeddable":true,"href":"https:\/\/serbiaopen.org\/sr\/wp-json\/wp\/v2\/users\/1"}],"replies":[{"embeddable":true,"href":"https:\/\/serbiaopen.org\/sr\/wp-json\/wp\/v2\/comments?post=1710"}],"version-history":[{"count":0,"href":"https:\/\/serbiaopen.org\/sr\/wp-json\/wp\/v2\/pages\/1710\/revisions"}],"up":[{"embeddable":true,"href":"https:\/\/serbiaopen.org\/sr\/wp-json\/wp\/v2\/pages\/1543"}],"wp:featuredmedia":[{"embeddable":true,"href":"https:\/\/serbiaopen.org\/sr\/wp-json\/wp\/v2\/media\/1679"}],"wp:attachment":[{"href":"https:\/\/serbiaopen.org\/sr\/wp-json\/wp\/v2\/media?parent=1710"}],"curies":[{"name":"wp","href":"https:\/\/api.w.org\/{rel}","templated":true}]}}