{"id":1382,"date":"2024-10-14T11:58:49","date_gmt":"2024-10-14T09:58:49","guid":{"rendered":"https:\/\/serbiaopen.org\/uslovi-i-odredbe\/"},"modified":"2024-10-22T13:55:32","modified_gmt":"2024-10-22T11:55:32","slug":"uslovi-i-odredbe","status":"publish","type":"page","link":"https:\/\/serbiaopen.org\/sr\/uslovi-i-odredbe\/","title":{"rendered":"Uslovi i odredbe"},"content":{"rendered":"<div class=\"fusion-fullwidth fullwidth-box fusion-builder-row-1 fusion-flex-container has-pattern-background has-mask-background nonhundred-percent-fullwidth non-hundred-percent-height-scrolling\" style=\"--awb-border-radius-top-left:0px;--awb-border-radius-top-right:0px;--awb-border-radius-bottom-right:0px;--awb-border-radius-bottom-left:0px;--awb-padding-top:48px;--awb-padding-bottom:48px;--awb-flex-wrap:wrap;\" ><div class=\"fusion-builder-row fusion-row fusion-flex-align-items-flex-start fusion-flex-content-wrap\" style=\"max-width:calc( 1240px + 24px );margin-left: calc(-24px \/ 2 );margin-right: calc(-24px \/ 2 );\"><div class=\"fusion-layout-column fusion_builder_column fusion-builder-column-0 fusion_builder_column_1_1 1_1 fusion-flex-column\" style=\"--awb-bg-size:cover;--awb-width-large:100%;--awb-margin-top-large:0px;--awb-spacing-right-large:12px;--awb-margin-bottom-large:0px;--awb-spacing-left-large:12px;--awb-width-medium:100%;--awb-spacing-right-medium:12px;--awb-spacing-left-medium:12px;--awb-width-small:100%;--awb-spacing-right-small:12px;--awb-spacing-left-small:12px;\"><div class=\"fusion-column-wrapper fusion-flex-justify-content-flex-start fusion-content-layout-column\"><div class=\"fusion-text fusion-text-1\"><p>Dobrodo\u0161li na zvani\u010dni sajt Teniskog turnira Belgrade Open 2024. Pristupanjem i kori\u0161c\u0301enjem ove veb stranice prihvatate da budete obavezani ovim Uslovima i odredbama. <\/p>\n<h4><strong>1. Op\u0161ta upotreba<\/strong><\/h4>\n<p>Ova veb stranica je obezbe\u0111ena u svrhu deljenja informacija o Belgrade Open 2024. Zabranjeno je svako kori\u0161c\u0301enje sadr\u017eaja ili materijala na ovoj veb stranici bez prethodne pismene saglasnosti. <\/p>\n<h4><strong>2. Kupovina karata<\/strong><\/h4>\n<p>Sva prodaja karata zavisi od raspolo\u017eivosti. Kupovinom ulaznica preko na\u0161e veb stranice, saglasni ste da c\u0301ete po\u0161tovati sve politike doga\u0111aja, uklju\u010dujuc\u0301i bezbednosne propise i pravila o mestu odr\u017eavanja. Ulaznice se ne vrac\u0301aju osim ako nije druga\u010dije nazna\u010deno.  <\/p>\n<h4><strong>3. Intelektualna svojina<\/strong><\/h4>\n<p>Sav sadr\u017eaj, uklju\u010dujuc\u0301i slike, tekst, logotipe i drugu intelektualnu svojinu prikazanu na veb stranici, vlasni\u0161tvo je Belgrade Open 2024 i za\u0161tic\u0301en je zakonima o autorskim pravima. Ne smete da koristite, menjate ili reprodukujete bilo koji deo ove veb stranice bez izri\u010dite dozvole. <\/p>\n<h4><strong>4. Ograni\u010denje odgovornosti<\/strong><\/h4>\n<p>Belgrade Open 2024 nec\u0301e biti odgovoran za bilo kakvu indirektnu, slu\u010dajnu ili posledi\u010dnu \u0161tetu koja nastane usled kori\u0161c\u0301enja ili nemoguc\u0301nosti kori\u0161c\u0301enja ove veb stranice. Trudimo se da sve informacije budu ta\u010dne i a\u017eurne, ali ne mo\u017eemo da garantujemo njihovu apsolutnu ta\u010dnost. <\/p>\n<h4><strong>5. Izmena Uslova<\/strong><\/h4>\n<p>Zadr\u017eavamo pravo da izmenimo ove Uslove i odredbe u bilo kom trenutku bez prethodnog obave\u0161tenja. Ako nastavite da koristite veb lokaciju, sla\u017eete se da c\u0301ete biti obavezani revidiranim uslovima. <\/p>\n<h4><strong>6. Merodavno pravo<\/strong><\/h4>\n<p>Ovi Uslovi su regulisani zakonima Republike Srbije. Svi pravni sporovi c\u0301e se re\u0161avati u sudovima u Beogradu. <\/p>\n<h4><strong>7. Kontaktirajte nas<\/strong><\/h4>\n<p>Za sva pitanja u vezi sa ovim Uslovima i odredbama, kontaktirajte nas na <strong><a rel=\"noopener\">office@serbiaopen.org<\/a><\/strong>.<\/p>\n<\/div><\/div><\/div><\/div><\/div>\n","protected":false},"excerpt":{"rendered":"","protected":false},"author":1,"featured_media":0,"parent":0,"menu_order":0,"comment_status":"closed","ping_status":"closed","template":"100-width.php","meta":{"_acf_changed":false,"footnotes":""},"class_list":["post-1382","page","type-page","status-publish","hentry"],"acf":[],"yoast_head":"<!-- This site is optimized with the Yoast SEO plugin v23.7 - https:\/\/yoast.com\/wordpress\/plugins\/seo\/ -->\n<title>Uslovi i odredbe - Belgrade Open<\/title>\n<meta name=\"robots\" content=\"index, follow, max-snippet:-1, max-image-preview:large, max-video-preview:-1\" \/>\n<link rel=\"canonical\" href=\"https:\/\/serbiaopen.org\/sr\/uslovi-i-odredbe\/\" \/>\n<meta property=\"og:locale\" content=\"sr_RS\" \/>\n<meta property=\"og:type\" content=\"article\" \/>\n<meta property=\"og:title\" content=\"Uslovi i odredbe - Belgrade Open\" \/>\n<meta property=\"og:url\" content=\"https:\/\/serbiaopen.org\/sr\/uslovi-i-odredbe\/\" \/>\n<meta property=\"og:site_name\" content=\"Belgrade Open\" \/>\n<meta property=\"article:publisher\" content=\"https:\/\/www.facebook.com\/serbiaopenofficial\" \/>\n<meta property=\"article:modified_time\" content=\"2024-10-22T11:55:32+00:00\" \/>\n<meta name=\"twitter:card\" content=\"summary_large_image\" \/>\n<meta name=\"twitter:label1\" content=\"\u041f\u0440\u043e\u0446\u0435\u045a\u0435\u043d\u043e \u0432\u0440\u0435\u043c\u0435 \u0447\u0438\u0442\u0430\u045a\u0430\" \/>\n\t<meta name=\"twitter:data1\" content=\"5 \u043c\u0438\u043d\u0443\u0442\u0430\" \/>\n<script type=\"application\/ld+json\" class=\"yoast-schema-graph\">{\"@context\":\"https:\/\/schema.org\",\"@graph\":[{\"@type\":\"WebPage\",\"@id\":\"https:\/\/serbiaopen.org\/sr\/uslovi-i-odredbe\/\",\"url\":\"https:\/\/serbiaopen.org\/sr\/uslovi-i-odredbe\/\",\"name\":\"Uslovi i odredbe - Belgrade Open\",\"isPartOf\":{\"@id\":\"https:\/\/serbiaopen.org\/sr\/#website\"},\"datePublished\":\"2024-10-14T09:58:49+00:00\",\"dateModified\":\"2024-10-22T11:55:32+00:00\",\"breadcrumb\":{\"@id\":\"https:\/\/serbiaopen.org\/sr\/uslovi-i-odredbe\/#breadcrumb\"},\"inLanguage\":\"sr-RS\",\"potentialAction\":[{\"@type\":\"ReadAction\",\"target\":[\"https:\/\/serbiaopen.org\/sr\/uslovi-i-odredbe\/\"]}]},{\"@type\":\"BreadcrumbList\",\"@id\":\"https:\/\/serbiaopen.org\/sr\/uslovi-i-odredbe\/#breadcrumb\",\"itemListElement\":[{\"@type\":\"ListItem\",\"position\":1,\"name\":\"Home\",\"item\":\"https:\/\/serbiaopen.org\/sr\/\"},{\"@type\":\"ListItem\",\"position\":2,\"name\":\"Uslovi i odredbe\"}]},{\"@type\":\"WebSite\",\"@id\":\"https:\/\/serbiaopen.org\/sr\/#website\",\"url\":\"https:\/\/serbiaopen.org\/sr\/\",\"name\":\"Belgrade Open 2024\",\"description\":\"ATP Turnir 250\",\"publisher\":{\"@id\":\"https:\/\/serbiaopen.org\/sr\/#organization\"},\"potentialAction\":[{\"@type\":\"SearchAction\",\"target\":{\"@type\":\"EntryPoint\",\"urlTemplate\":\"https:\/\/serbiaopen.org\/sr\/?s={search_term_string}\"},\"query-input\":{\"@type\":\"PropertyValueSpecification\",\"valueRequired\":true,\"valueName\":\"search_term_string\"}}],\"inLanguage\":\"sr-RS\"},{\"@type\":\"Organization\",\"@id\":\"https:\/\/serbiaopen.org\/sr\/#organization\",\"name\":\"Belgrade Open 2024\",\"url\":\"https:\/\/serbiaopen.org\/sr\/\",\"logo\":{\"@type\":\"ImageObject\",\"inLanguage\":\"sr-RS\",\"@id\":\"https:\/\/serbiaopen.org\/sr\/#\/schema\/logo\/image\/\",\"url\":\"https:\/\/serbiaopen.org\/wp-content\/uploads\/2024\/10\/card.png\",\"contentUrl\":\"https:\/\/serbiaopen.org\/wp-content\/uploads\/2024\/10\/card.png\",\"width\":1920,\"height\":1080,\"caption\":\"Belgrade Open 2024\"},\"image\":{\"@id\":\"https:\/\/serbiaopen.org\/sr\/#\/schema\/logo\/image\/\"},\"sameAs\":[\"https:\/\/www.facebook.com\/serbiaopenofficial\"]}]}<\/script>\n<!-- \/ Yoast SEO plugin. -->","yoast_head_json":{"title":"Uslovi i odredbe - Belgrade Open","robots":{"index":"index","follow":"follow","max-snippet":"max-snippet:-1","max-image-preview":"max-image-preview:large","max-video-preview":"max-video-preview:-1"},"canonical":"https:\/\/serbiaopen.org\/sr\/uslovi-i-odredbe\/","og_locale":"sr_RS","og_type":"article","og_title":"Uslovi i odredbe - Belgrade Open","og_url":"https:\/\/serbiaopen.org\/sr\/uslovi-i-odredbe\/","og_site_name":"Belgrade Open","article_publisher":"https:\/\/www.facebook.com\/serbiaopenofficial","article_modified_time":"2024-10-22T11:55:32+00:00","twitter_card":"summary_large_image","twitter_misc":{"\u041f\u0440\u043e\u0446\u0435\u045a\u0435\u043d\u043e \u0432\u0440\u0435\u043c\u0435 \u0447\u0438\u0442\u0430\u045a\u0430":"5 \u043c\u0438\u043d\u0443\u0442\u0430"},"schema":{"@context":"https:\/\/schema.org","@graph":[{"@type":"WebPage","@id":"https:\/\/serbiaopen.org\/sr\/uslovi-i-odredbe\/","url":"https:\/\/serbiaopen.org\/sr\/uslovi-i-odredbe\/","name":"Uslovi i odredbe - Belgrade Open","isPartOf":{"@id":"https:\/\/serbiaopen.org\/sr\/#website"},"datePublished":"2024-10-14T09:58:49+00:00","dateModified":"2024-10-22T11:55:32+00:00","breadcrumb":{"@id":"https:\/\/serbiaopen.org\/sr\/uslovi-i-odredbe\/#breadcrumb"},"inLanguage":"sr-RS","potentialAction":[{"@type":"ReadAction","target":["https:\/\/serbiaopen.org\/sr\/uslovi-i-odredbe\/"]}]},{"@type":"BreadcrumbList","@id":"https:\/\/serbiaopen.org\/sr\/uslovi-i-odredbe\/#breadcrumb","itemListElement":[{"@type":"ListItem","position":1,"name":"Home","item":"https:\/\/serbiaopen.org\/sr\/"},{"@type":"ListItem","position":2,"name":"Uslovi i odredbe"}]},{"@type":"WebSite","@id":"https:\/\/serbiaopen.org\/sr\/#website","url":"https:\/\/serbiaopen.org\/sr\/","name":"Belgrade Open 2024","description":"ATP Turnir 250","publisher":{"@id":"https:\/\/serbiaopen.org\/sr\/#organization"},"potentialAction":[{"@type":"SearchAction","target":{"@type":"EntryPoint","urlTemplate":"https:\/\/serbiaopen.org\/sr\/?s={search_term_string}"},"query-input":{"@type":"PropertyValueSpecification","valueRequired":true,"valueName":"search_term_string"}}],"inLanguage":"sr-RS"},{"@type":"Organization","@id":"https:\/\/serbiaopen.org\/sr\/#organization","name":"Belgrade Open 2024","url":"https:\/\/serbiaopen.org\/sr\/","logo":{"@type":"ImageObject","inLanguage":"sr-RS","@id":"https:\/\/serbiaopen.org\/sr\/#\/schema\/logo\/image\/","url":"https:\/\/serbiaopen.org\/wp-content\/uploads\/2024\/10\/card.png","contentUrl":"https:\/\/serbiaopen.org\/wp-content\/uploads\/2024\/10\/card.png","width":1920,"height":1080,"caption":"Belgrade Open 2024"},"image":{"@id":"https:\/\/serbiaopen.org\/sr\/#\/schema\/logo\/image\/"},"sameAs":["https:\/\/www.facebook.com\/serbiaopenofficial"]}]}},"_links":{"self":[{"href":"https:\/\/serbiaopen.org\/sr\/wp-json\/wp\/v2\/pages\/1382"}],"collection":[{"href":"https:\/\/serbiaopen.org\/sr\/wp-json\/wp\/v2\/pages"}],"about":[{"href":"https:\/\/serbiaopen.org\/sr\/wp-json\/wp\/v2\/types\/page"}],"author":[{"embeddable":true,"href":"https:\/\/serbiaopen.org\/sr\/wp-json\/wp\/v2\/users\/1"}],"replies":[{"embeddable":true,"href":"https:\/\/serbiaopen.org\/sr\/wp-json\/wp\/v2\/comments?post=1382"}],"version-history":[{"count":2,"href":"https:\/\/serbiaopen.org\/sr\/wp-json\/wp\/v2\/pages\/1382\/revisions"}],"predecessor-version":[{"id":1384,"href":"https:\/\/serbiaopen.org\/sr\/wp-json\/wp\/v2\/pages\/1382\/revisions\/1384"}],"wp:attachment":[{"href":"https:\/\/serbiaopen.org\/sr\/wp-json\/wp\/v2\/media?parent=1382"}],"curies":[{"name":"wp","href":"https:\/\/api.w.org\/{rel}","templated":true}]}}