{"id":1379,"date":"2024-10-10T01:58:52","date_gmt":"2024-10-09T23:58:52","guid":{"rendered":"https:\/\/serbiaopen.org\/politika-privatnosti\/"},"modified":"2024-10-22T13:52:13","modified_gmt":"2024-10-22T11:52:13","slug":"politika-privatnosti","status":"publish","type":"page","link":"https:\/\/serbiaopen.org\/sr\/politika-privatnosti\/","title":{"rendered":"Politika privatnosti"},"content":{"rendered":"<div class=\"fusion-fullwidth fullwidth-box fusion-builder-row-1 fusion-flex-container has-pattern-background has-mask-background nonhundred-percent-fullwidth non-hundred-percent-height-scrolling\" style=\"--awb-border-radius-top-left:0px;--awb-border-radius-top-right:0px;--awb-border-radius-bottom-right:0px;--awb-border-radius-bottom-left:0px;--awb-padding-top:48px;--awb-padding-bottom:48px;--awb-flex-wrap:wrap;\" ><div class=\"fusion-builder-row fusion-row fusion-flex-align-items-flex-start fusion-flex-content-wrap\" style=\"max-width:calc( 1240px + 24px );margin-left: calc(-24px \/ 2 );margin-right: calc(-24px \/ 2 );\"><div class=\"fusion-layout-column fusion_builder_column fusion-builder-column-0 fusion_builder_column_1_1 1_1 fusion-flex-column\" style=\"--awb-bg-size:cover;--awb-width-large:100%;--awb-margin-top-large:12px;--awb-spacing-right-large:12px;--awb-margin-bottom-large:12px;--awb-spacing-left-large:12px;--awb-width-medium:100%;--awb-order-medium:0;--awb-spacing-right-medium:12px;--awb-spacing-left-medium:12px;--awb-width-small:100%;--awb-order-small:0;--awb-spacing-right-small:12px;--awb-spacing-left-small:12px;\"><div class=\"fusion-column-wrapper fusion-column-has-shadow fusion-flex-justify-content-flex-start fusion-content-layout-column\"><div class=\"fusion-text fusion-text-1\"><p>Na Belgrade Open 2024 va\u0161a privatnost nam je va\u017ena. Ova Politika privatnosti obja\u0161njava kako prikupljamo, koristimo i \u0161titimo va\u0161e li\u010dne podatke kada komunicirate sa na\u0161om veb-stranicom <a href=\"https:\/\/serbiaopen.org\/sr\/\" target=\"_new\" rel=\"noopener\">https:\/\/serbiaopen.org\/<\/a> ili koristite na\u0161e usluge. Kori\u0161c\u0301enjem na\u0161e veb stranice, sla\u017eete se sa uslovima ove Politike privatnosti.  <\/p>\n<h4><strong>1. Informacije koje prikupljamo<br \/><\/strong><\/h4>\n<p>Mo\u017eemo prikupljati sledec\u0301e vrste li\u010dnih podataka:<\/p>\n<ul>\n<li><strong>Li\u010dni podaci<\/strong>: Ime, adresa e-po\u0161te, broj telefona i po\u0161tanska adresa kada se registrujete za doga\u0111aj ili se pretplatite na na\u0161 bilten.<\/li>\n<li><strong>Informacije o plac\u0301anju<\/strong>: Finansijski detalji prilikom kupovine karata ili robe.<\/li>\n<li><strong>Tehni\u010dki podaci<\/strong>: IP adresa, tip pretra\u017eiva\u010da i podaci o pregledanju putem kola\u010dic\u0301a radi pobolj\u0161anja funkcionalnosti veb stranice i analize saobrac\u0301aja.<\/li>\n<\/ul>\n<h4><strong>2. Kako koristimo va\u0161e informacije<\/strong><\/h4>\n<ul>\n<li>Za obradu kupovine karata i pru\u017eanje usluga.<\/li>\n<li>Za slanje a\u017euriranja ili promotivnih materijala u vezi sa doga\u0111ajima.<\/li>\n<li>Da pobolj\u0161amo performanse na\u0161e veb stranice i korisni\u010dko iskustvo.<\/li>\n<li>Da po\u0161tujemo zakonske obaveze i \u0161titimo svoja prava.<\/li>\n<\/ul>\n<h4><strong>3. Bezbednost podataka<\/strong><\/h4>\n<p>Preduzimamo odgovarajuc\u0301e tehni\u010dke i organizacione mere da za\u0161titimo va\u0161e li\u010dne podatke od neovla\u0161c\u0301enog pristupa, izmene, otkrivanja ili uni\u0161tenja.<\/p>\n<h4><strong>4. Deljenje Va\u0161ih informacija<\/strong><\/h4>\n<p>Va\u0161e li\u010dne podatke ne prodajemo niti iznajmljujemo trec\u0301im licima. Me\u0111utim, mo\u017eemo da delimo informacije sa pouzdanim provajderima usluga da bismo olak\u0161ali usluge kao \u0161to su izdavanje karata i marketin\u0161ke komunikacije, pod strogim obavezama za\u0161tite podataka. <\/p>\n<h4><strong>5. Va\u0161a prava<\/strong><\/h4>\n<p>Imate pravo da:<\/p>\n<ul>\n<li>Pristupite, ispravite ili izbri\u0161ite svoje li\u010dne podatke.<\/li>\n<li>Povucite svoju saglasnost za primanje marketin\u0161kih komunikacija u bilo kom trenutku.<\/li>\n<\/ul>\n<h4><strong>6. Kontaktirajte nas<\/p>\n<p><\/strong><\/h4>\n<p>Ako imate bilo kakvih pitanja u vezi sa ovom Politikom privatnosti ili \u017eelite da iskoristite svoja prava na za\u0161titu podataka, kontaktirajte nas na <strong><a rel=\"noopener\">office@serbiaopen.org<\/a><\/strong>.<\/p>\n<\/div><\/div><\/div><\/div><\/div>\n","protected":false},"excerpt":{"rendered":"","protected":false},"author":1,"featured_media":0,"parent":0,"menu_order":0,"comment_status":"closed","ping_status":"open","template":"","meta":{"_acf_changed":false,"footnotes":""},"class_list":["post-1379","page","type-page","status-publish","hentry"],"acf":[],"yoast_head":"<!-- This site is optimized with the Yoast SEO plugin v23.7 - https:\/\/yoast.com\/wordpress\/plugins\/seo\/ -->\n<title>Politika privatnosti - Belgrade Open<\/title>\n<meta name=\"robots\" content=\"index, follow, max-snippet:-1, max-image-preview:large, max-video-preview:-1\" \/>\n<link rel=\"canonical\" href=\"https:\/\/serbiaopen.org\/sr\/politika-privatnosti\/\" \/>\n<meta property=\"og:locale\" content=\"sr_RS\" \/>\n<meta property=\"og:type\" content=\"article\" \/>\n<meta property=\"og:title\" content=\"Politika privatnosti - Belgrade Open\" \/>\n<meta property=\"og:url\" content=\"https:\/\/serbiaopen.org\/sr\/politika-privatnosti\/\" \/>\n<meta property=\"og:site_name\" content=\"Belgrade Open\" \/>\n<meta property=\"article:publisher\" content=\"https:\/\/www.facebook.com\/serbiaopenofficial\" \/>\n<meta property=\"article:modified_time\" content=\"2024-10-22T11:52:13+00:00\" \/>\n<meta name=\"twitter:card\" content=\"summary_large_image\" \/>\n<meta name=\"twitter:label1\" content=\"\u041f\u0440\u043e\u0446\u0435\u045a\u0435\u043d\u043e \u0432\u0440\u0435\u043c\u0435 \u0447\u0438\u0442\u0430\u045a\u0430\" \/>\n\t<meta name=\"twitter:data1\" content=\"7 \u043c\u0438\u043d\u0443\u0442\u0430\" \/>\n<script type=\"application\/ld+json\" class=\"yoast-schema-graph\">{\"@context\":\"https:\/\/schema.org\",\"@graph\":[{\"@type\":\"WebPage\",\"@id\":\"https:\/\/serbiaopen.org\/sr\/politika-privatnosti\/\",\"url\":\"https:\/\/serbiaopen.org\/sr\/politika-privatnosti\/\",\"name\":\"Politika privatnosti - Belgrade Open\",\"isPartOf\":{\"@id\":\"https:\/\/serbiaopen.org\/sr\/#website\"},\"datePublished\":\"2024-10-09T23:58:52+00:00\",\"dateModified\":\"2024-10-22T11:52:13+00:00\",\"breadcrumb\":{\"@id\":\"https:\/\/serbiaopen.org\/sr\/politika-privatnosti\/#breadcrumb\"},\"inLanguage\":\"sr-RS\",\"potentialAction\":[{\"@type\":\"ReadAction\",\"target\":[\"https:\/\/serbiaopen.org\/sr\/politika-privatnosti\/\"]}]},{\"@type\":\"BreadcrumbList\",\"@id\":\"https:\/\/serbiaopen.org\/sr\/politika-privatnosti\/#breadcrumb\",\"itemListElement\":[{\"@type\":\"ListItem\",\"position\":1,\"name\":\"Home\",\"item\":\"https:\/\/serbiaopen.org\/sr\/\"},{\"@type\":\"ListItem\",\"position\":2,\"name\":\"Politika privatnosti\"}]},{\"@type\":\"WebSite\",\"@id\":\"https:\/\/serbiaopen.org\/sr\/#website\",\"url\":\"https:\/\/serbiaopen.org\/sr\/\",\"name\":\"Belgrade Open 2024\",\"description\":\"ATP Turnir 250\",\"publisher\":{\"@id\":\"https:\/\/serbiaopen.org\/sr\/#organization\"},\"potentialAction\":[{\"@type\":\"SearchAction\",\"target\":{\"@type\":\"EntryPoint\",\"urlTemplate\":\"https:\/\/serbiaopen.org\/sr\/?s={search_term_string}\"},\"query-input\":{\"@type\":\"PropertyValueSpecification\",\"valueRequired\":true,\"valueName\":\"search_term_string\"}}],\"inLanguage\":\"sr-RS\"},{\"@type\":\"Organization\",\"@id\":\"https:\/\/serbiaopen.org\/sr\/#organization\",\"name\":\"Belgrade Open 2024\",\"url\":\"https:\/\/serbiaopen.org\/sr\/\",\"logo\":{\"@type\":\"ImageObject\",\"inLanguage\":\"sr-RS\",\"@id\":\"https:\/\/serbiaopen.org\/sr\/#\/schema\/logo\/image\/\",\"url\":\"https:\/\/serbiaopen.org\/wp-content\/uploads\/2024\/10\/card.png\",\"contentUrl\":\"https:\/\/serbiaopen.org\/wp-content\/uploads\/2024\/10\/card.png\",\"width\":1920,\"height\":1080,\"caption\":\"Belgrade Open 2024\"},\"image\":{\"@id\":\"https:\/\/serbiaopen.org\/sr\/#\/schema\/logo\/image\/\"},\"sameAs\":[\"https:\/\/www.facebook.com\/serbiaopenofficial\"]}]}<\/script>\n<!-- \/ Yoast SEO plugin. -->","yoast_head_json":{"title":"Politika privatnosti - Belgrade Open","robots":{"index":"index","follow":"follow","max-snippet":"max-snippet:-1","max-image-preview":"max-image-preview:large","max-video-preview":"max-video-preview:-1"},"canonical":"https:\/\/serbiaopen.org\/sr\/politika-privatnosti\/","og_locale":"sr_RS","og_type":"article","og_title":"Politika privatnosti - Belgrade Open","og_url":"https:\/\/serbiaopen.org\/sr\/politika-privatnosti\/","og_site_name":"Belgrade Open","article_publisher":"https:\/\/www.facebook.com\/serbiaopenofficial","article_modified_time":"2024-10-22T11:52:13+00:00","twitter_card":"summary_large_image","twitter_misc":{"\u041f\u0440\u043e\u0446\u0435\u045a\u0435\u043d\u043e \u0432\u0440\u0435\u043c\u0435 \u0447\u0438\u0442\u0430\u045a\u0430":"7 \u043c\u0438\u043d\u0443\u0442\u0430"},"schema":{"@context":"https:\/\/schema.org","@graph":[{"@type":"WebPage","@id":"https:\/\/serbiaopen.org\/sr\/politika-privatnosti\/","url":"https:\/\/serbiaopen.org\/sr\/politika-privatnosti\/","name":"Politika privatnosti - Belgrade Open","isPartOf":{"@id":"https:\/\/serbiaopen.org\/sr\/#website"},"datePublished":"2024-10-09T23:58:52+00:00","dateModified":"2024-10-22T11:52:13+00:00","breadcrumb":{"@id":"https:\/\/serbiaopen.org\/sr\/politika-privatnosti\/#breadcrumb"},"inLanguage":"sr-RS","potentialAction":[{"@type":"ReadAction","target":["https:\/\/serbiaopen.org\/sr\/politika-privatnosti\/"]}]},{"@type":"BreadcrumbList","@id":"https:\/\/serbiaopen.org\/sr\/politika-privatnosti\/#breadcrumb","itemListElement":[{"@type":"ListItem","position":1,"name":"Home","item":"https:\/\/serbiaopen.org\/sr\/"},{"@type":"ListItem","position":2,"name":"Politika privatnosti"}]},{"@type":"WebSite","@id":"https:\/\/serbiaopen.org\/sr\/#website","url":"https:\/\/serbiaopen.org\/sr\/","name":"Belgrade Open 2024","description":"ATP Turnir 250","publisher":{"@id":"https:\/\/serbiaopen.org\/sr\/#organization"},"potentialAction":[{"@type":"SearchAction","target":{"@type":"EntryPoint","urlTemplate":"https:\/\/serbiaopen.org\/sr\/?s={search_term_string}"},"query-input":{"@type":"PropertyValueSpecification","valueRequired":true,"valueName":"search_term_string"}}],"inLanguage":"sr-RS"},{"@type":"Organization","@id":"https:\/\/serbiaopen.org\/sr\/#organization","name":"Belgrade Open 2024","url":"https:\/\/serbiaopen.org\/sr\/","logo":{"@type":"ImageObject","inLanguage":"sr-RS","@id":"https:\/\/serbiaopen.org\/sr\/#\/schema\/logo\/image\/","url":"https:\/\/serbiaopen.org\/wp-content\/uploads\/2024\/10\/card.png","contentUrl":"https:\/\/serbiaopen.org\/wp-content\/uploads\/2024\/10\/card.png","width":1920,"height":1080,"caption":"Belgrade Open 2024"},"image":{"@id":"https:\/\/serbiaopen.org\/sr\/#\/schema\/logo\/image\/"},"sameAs":["https:\/\/www.facebook.com\/serbiaopenofficial"]}]}},"_links":{"self":[{"href":"https:\/\/serbiaopen.org\/sr\/wp-json\/wp\/v2\/pages\/1379"}],"collection":[{"href":"https:\/\/serbiaopen.org\/sr\/wp-json\/wp\/v2\/pages"}],"about":[{"href":"https:\/\/serbiaopen.org\/sr\/wp-json\/wp\/v2\/types\/page"}],"author":[{"embeddable":true,"href":"https:\/\/serbiaopen.org\/sr\/wp-json\/wp\/v2\/users\/1"}],"replies":[{"embeddable":true,"href":"https:\/\/serbiaopen.org\/sr\/wp-json\/wp\/v2\/comments?post=1379"}],"version-history":[{"count":2,"href":"https:\/\/serbiaopen.org\/sr\/wp-json\/wp\/v2\/pages\/1379\/revisions"}],"predecessor-version":[{"id":1381,"href":"https:\/\/serbiaopen.org\/sr\/wp-json\/wp\/v2\/pages\/1379\/revisions\/1381"}],"wp:attachment":[{"href":"https:\/\/serbiaopen.org\/sr\/wp-json\/wp\/v2\/media?parent=1379"}],"curies":[{"name":"wp","href":"https:\/\/api.w.org\/{rel}","templated":true}]}}