{"id":1365,"date":"2024-10-14T11:59:52","date_gmt":"2024-10-14T09:59:52","guid":{"rendered":"https:\/\/serbiaopen.org\/politika-kolacica\/"},"modified":"2024-10-22T13:45:24","modified_gmt":"2024-10-22T11:45:24","slug":"politika-kolacica","status":"publish","type":"page","link":"https:\/\/serbiaopen.org\/sr\/politika-kolacica\/","title":{"rendered":"Politika kola\u010dic\u0301a"},"content":{"rendered":"<div class=\"fusion-fullwidth fullwidth-box fusion-builder-row-1 fusion-flex-container has-pattern-background has-mask-background nonhundred-percent-fullwidth non-hundred-percent-height-scrolling\" style=\"--awb-border-radius-top-left:0px;--awb-border-radius-top-right:0px;--awb-border-radius-bottom-right:0px;--awb-border-radius-bottom-left:0px;--awb-padding-top:48px;--awb-padding-bottom:48px;--awb-flex-wrap:wrap;\" ><div class=\"fusion-builder-row fusion-row fusion-flex-align-items-flex-start fusion-flex-content-wrap\" style=\"max-width:calc( 1240px + 24px );margin-left: calc(-24px \/ 2 );margin-right: calc(-24px \/ 2 );\"><div class=\"fusion-layout-column fusion_builder_column fusion-builder-column-0 fusion_builder_column_1_1 1_1 fusion-flex-column\" style=\"--awb-bg-size:cover;--awb-width-large:100%;--awb-margin-top-large:12px;--awb-spacing-right-large:12px;--awb-margin-bottom-large:12px;--awb-spacing-left-large:12px;--awb-width-medium:100%;--awb-order-medium:0;--awb-spacing-right-medium:12px;--awb-spacing-left-medium:12px;--awb-width-small:100%;--awb-order-small:0;--awb-spacing-right-small:12px;--awb-spacing-left-small:12px;\"><div class=\"fusion-column-wrapper fusion-column-has-shadow fusion-flex-justify-content-flex-start fusion-content-layout-column\"><div class=\"fusion-text fusion-text-1\"><p>Ova Politika o kola\u010dic\u0301ima obja\u0161njava kako se kola\u010dic\u0301i koriste na veb lokaciji Belgrade Open 2024 i va\u0161e opcije za njihovu kontrolu.<\/p>\n<h4><strong>1. \u0160ta su kola\u010dic\u0301i?<\/strong><\/h4>\n<p>Kola\u010dic\u0301i su male tekstualne datoteke koje se \u010duvaju na va\u0161em ure\u0111aju kada posetite veb lokaciju. Oni nam poma\u017eu da razumemo kako koristite na\u0161u veb lokaciju i pobolj\u0161amo va\u0161e celokupno iskustvo. <\/p>\n<h4><strong>2. Vrste kola\u010dic\u0301a koje koristimo<\/strong><\/h4>\n<ul>\n<li><strong>Neophodni kola\u010dic\u0301i:<\/strong> Oni su neophodni za pravilno funkcionisanje veb stranice. Oni vam omoguc\u0301avaju da se krec\u0301ete po sajtu i koristite klju\u010dne funkcije. <\/li>\n<li><strong>Kola\u010dic\u0301i analitike: <\/strong>Ovi kola\u010dic\u0301i nam poma\u017eu da razumemo kako posetioci ostvaruju interakciju sa na\u0161om veb lokacijom prikupljanjem anonimnih podataka o prikazima stranica i saobrac\u0301aju.<\/li>\n<li><strong>Marketin\u0161ki kola\u010dic\u0301i:<\/strong> Koristimo ove kola\u010dic\u0301e za isporuku relevantnih reklama i promocija na osnovu va\u0161eg pona\u0161anja pri pregledanju<\/li>\n<\/ul>\n<h4><strong>3. Upravljanje kola\u010dic\u0301ima<\/strong><\/h4>\n<p>Svojim postavkama kola\u010dic\u0301a mo\u017eete upravljati preko pode\u0161avanja pretra\u017eiva\u010da. Vec\u0301ina pretra\u017eiva\u010da vam omoguc\u0301ava da blokirate ili izbri\u0161ete kola\u010dic\u0301e, ali to mo\u017ee uticati na funkcionalnost veb lokacije. <\/p>\n<h4><strong>4. Kola\u010dic\u0301i trec\u0301e strane<\/strong><\/h4>\n<p>Mo\u017eemo dozvoliti uslugama trec\u0301ih strana (kao \u0161to je Google analitika) da postave kola\u010dic\u0301e na va\u0161 ure\u0111aj kako bi nam pomogli da analiziramo saobrac\u0301aj i pona\u0161anje korisnika. Ovi kola\u010dic\u0301i trec\u0301ih strana su regulisani njihovim odgovarajuc\u0301im politikama privatnosti. <\/p>\n<h4><strong>5. Promene politike kola\u010dic\u0301a<\/strong><\/h4>\n<p>Ovu Politiku kola\u010dic\u0301a mo\u017eemo periodi\u010dno a\u017eurirati. Preporu\u010dujemo vam da redovno pregledate ovu stranicu za najnovije informacije o na\u0161im praksama kola\u010dic\u0301a. <\/p>\n<h4><strong>6. Kontaktirajte nas<\/p>\n<p><\/strong><\/h4>\n<p>Ako imate bilo kakvih pitanja o na\u0161oj upotrebi kola\u010dic\u0301a, kontaktirajte nas na <strong><a rel=\"noopener\">office@serbiaopen.org<\/a><\/strong>.<\/p>\n<\/div><\/div><\/div><\/div><\/div>\n","protected":false},"excerpt":{"rendered":"","protected":false},"author":1,"featured_media":0,"parent":0,"menu_order":0,"comment_status":"closed","ping_status":"open","template":"","meta":{"_acf_changed":false,"footnotes":""},"class_list":["post-1365","page","type-page","status-publish","hentry"],"acf":[],"yoast_head":"<!-- This site is optimized with the Yoast SEO plugin v23.7 - https:\/\/yoast.com\/wordpress\/plugins\/seo\/ -->\n<title>Politika kola\u010dic\u0301a - Belgrade Open<\/title>\n<meta name=\"robots\" content=\"index, follow, max-snippet:-1, max-image-preview:large, max-video-preview:-1\" \/>\n<link rel=\"canonical\" href=\"https:\/\/serbiaopen.org\/sr\/politika-kolacica\/\" \/>\n<meta property=\"og:locale\" content=\"sr_RS\" \/>\n<meta property=\"og:type\" content=\"article\" \/>\n<meta property=\"og:title\" content=\"Politika kola\u010dic\u0301a - Belgrade Open\" \/>\n<meta property=\"og:url\" content=\"https:\/\/serbiaopen.org\/sr\/politika-kolacica\/\" \/>\n<meta property=\"og:site_name\" content=\"Belgrade Open\" \/>\n<meta property=\"article:publisher\" content=\"https:\/\/www.facebook.com\/serbiaopenofficial\" \/>\n<meta property=\"article:modified_time\" content=\"2024-10-22T11:45:24+00:00\" \/>\n<meta name=\"twitter:card\" content=\"summary_large_image\" \/>\n<meta name=\"twitter:label1\" content=\"\u041f\u0440\u043e\u0446\u0435\u045a\u0435\u043d\u043e \u0432\u0440\u0435\u043c\u0435 \u0447\u0438\u0442\u0430\u045a\u0430\" \/>\n\t<meta name=\"twitter:data1\" content=\"7 \u043c\u0438\u043d\u0443\u0442\u0430\" \/>\n<script type=\"application\/ld+json\" class=\"yoast-schema-graph\">{\"@context\":\"https:\/\/schema.org\",\"@graph\":[{\"@type\":\"WebPage\",\"@id\":\"https:\/\/serbiaopen.org\/sr\/politika-kolacica\/\",\"url\":\"https:\/\/serbiaopen.org\/sr\/politika-kolacica\/\",\"name\":\"Politika kola\u010dic\u0301a - Belgrade Open\",\"isPartOf\":{\"@id\":\"https:\/\/serbiaopen.org\/sr\/#website\"},\"datePublished\":\"2024-10-14T09:59:52+00:00\",\"dateModified\":\"2024-10-22T11:45:24+00:00\",\"breadcrumb\":{\"@id\":\"https:\/\/serbiaopen.org\/sr\/politika-kolacica\/#breadcrumb\"},\"inLanguage\":\"sr-RS\",\"potentialAction\":[{\"@type\":\"ReadAction\",\"target\":[\"https:\/\/serbiaopen.org\/sr\/politika-kolacica\/\"]}]},{\"@type\":\"BreadcrumbList\",\"@id\":\"https:\/\/serbiaopen.org\/sr\/politika-kolacica\/#breadcrumb\",\"itemListElement\":[{\"@type\":\"ListItem\",\"position\":1,\"name\":\"Home\",\"item\":\"https:\/\/serbiaopen.org\/sr\/\"},{\"@type\":\"ListItem\",\"position\":2,\"name\":\"Politika kola\u010dic\u0301a\"}]},{\"@type\":\"WebSite\",\"@id\":\"https:\/\/serbiaopen.org\/sr\/#website\",\"url\":\"https:\/\/serbiaopen.org\/sr\/\",\"name\":\"Belgrade Open 2024\",\"description\":\"ATP Turnir 250\",\"publisher\":{\"@id\":\"https:\/\/serbiaopen.org\/sr\/#organization\"},\"potentialAction\":[{\"@type\":\"SearchAction\",\"target\":{\"@type\":\"EntryPoint\",\"urlTemplate\":\"https:\/\/serbiaopen.org\/sr\/?s={search_term_string}\"},\"query-input\":{\"@type\":\"PropertyValueSpecification\",\"valueRequired\":true,\"valueName\":\"search_term_string\"}}],\"inLanguage\":\"sr-RS\"},{\"@type\":\"Organization\",\"@id\":\"https:\/\/serbiaopen.org\/sr\/#organization\",\"name\":\"Belgrade Open 2024\",\"url\":\"https:\/\/serbiaopen.org\/sr\/\",\"logo\":{\"@type\":\"ImageObject\",\"inLanguage\":\"sr-RS\",\"@id\":\"https:\/\/serbiaopen.org\/sr\/#\/schema\/logo\/image\/\",\"url\":\"https:\/\/serbiaopen.org\/wp-content\/uploads\/2024\/10\/card.png\",\"contentUrl\":\"https:\/\/serbiaopen.org\/wp-content\/uploads\/2024\/10\/card.png\",\"width\":1920,\"height\":1080,\"caption\":\"Belgrade Open 2024\"},\"image\":{\"@id\":\"https:\/\/serbiaopen.org\/sr\/#\/schema\/logo\/image\/\"},\"sameAs\":[\"https:\/\/www.facebook.com\/serbiaopenofficial\"]}]}<\/script>\n<!-- \/ Yoast SEO plugin. -->","yoast_head_json":{"title":"Politika kola\u010dic\u0301a - Belgrade Open","robots":{"index":"index","follow":"follow","max-snippet":"max-snippet:-1","max-image-preview":"max-image-preview:large","max-video-preview":"max-video-preview:-1"},"canonical":"https:\/\/serbiaopen.org\/sr\/politika-kolacica\/","og_locale":"sr_RS","og_type":"article","og_title":"Politika kola\u010dic\u0301a - Belgrade Open","og_url":"https:\/\/serbiaopen.org\/sr\/politika-kolacica\/","og_site_name":"Belgrade Open","article_publisher":"https:\/\/www.facebook.com\/serbiaopenofficial","article_modified_time":"2024-10-22T11:45:24+00:00","twitter_card":"summary_large_image","twitter_misc":{"\u041f\u0440\u043e\u0446\u0435\u045a\u0435\u043d\u043e \u0432\u0440\u0435\u043c\u0435 \u0447\u0438\u0442\u0430\u045a\u0430":"7 \u043c\u0438\u043d\u0443\u0442\u0430"},"schema":{"@context":"https:\/\/schema.org","@graph":[{"@type":"WebPage","@id":"https:\/\/serbiaopen.org\/sr\/politika-kolacica\/","url":"https:\/\/serbiaopen.org\/sr\/politika-kolacica\/","name":"Politika kola\u010dic\u0301a - Belgrade Open","isPartOf":{"@id":"https:\/\/serbiaopen.org\/sr\/#website"},"datePublished":"2024-10-14T09:59:52+00:00","dateModified":"2024-10-22T11:45:24+00:00","breadcrumb":{"@id":"https:\/\/serbiaopen.org\/sr\/politika-kolacica\/#breadcrumb"},"inLanguage":"sr-RS","potentialAction":[{"@type":"ReadAction","target":["https:\/\/serbiaopen.org\/sr\/politika-kolacica\/"]}]},{"@type":"BreadcrumbList","@id":"https:\/\/serbiaopen.org\/sr\/politika-kolacica\/#breadcrumb","itemListElement":[{"@type":"ListItem","position":1,"name":"Home","item":"https:\/\/serbiaopen.org\/sr\/"},{"@type":"ListItem","position":2,"name":"Politika kola\u010dic\u0301a"}]},{"@type":"WebSite","@id":"https:\/\/serbiaopen.org\/sr\/#website","url":"https:\/\/serbiaopen.org\/sr\/","name":"Belgrade Open 2024","description":"ATP Turnir 250","publisher":{"@id":"https:\/\/serbiaopen.org\/sr\/#organization"},"potentialAction":[{"@type":"SearchAction","target":{"@type":"EntryPoint","urlTemplate":"https:\/\/serbiaopen.org\/sr\/?s={search_term_string}"},"query-input":{"@type":"PropertyValueSpecification","valueRequired":true,"valueName":"search_term_string"}}],"inLanguage":"sr-RS"},{"@type":"Organization","@id":"https:\/\/serbiaopen.org\/sr\/#organization","name":"Belgrade Open 2024","url":"https:\/\/serbiaopen.org\/sr\/","logo":{"@type":"ImageObject","inLanguage":"sr-RS","@id":"https:\/\/serbiaopen.org\/sr\/#\/schema\/logo\/image\/","url":"https:\/\/serbiaopen.org\/wp-content\/uploads\/2024\/10\/card.png","contentUrl":"https:\/\/serbiaopen.org\/wp-content\/uploads\/2024\/10\/card.png","width":1920,"height":1080,"caption":"Belgrade Open 2024"},"image":{"@id":"https:\/\/serbiaopen.org\/sr\/#\/schema\/logo\/image\/"},"sameAs":["https:\/\/www.facebook.com\/serbiaopenofficial"]}]}},"_links":{"self":[{"href":"https:\/\/serbiaopen.org\/sr\/wp-json\/wp\/v2\/pages\/1365"}],"collection":[{"href":"https:\/\/serbiaopen.org\/sr\/wp-json\/wp\/v2\/pages"}],"about":[{"href":"https:\/\/serbiaopen.org\/sr\/wp-json\/wp\/v2\/types\/page"}],"author":[{"embeddable":true,"href":"https:\/\/serbiaopen.org\/sr\/wp-json\/wp\/v2\/users\/1"}],"replies":[{"embeddable":true,"href":"https:\/\/serbiaopen.org\/sr\/wp-json\/wp\/v2\/comments?post=1365"}],"version-history":[{"count":2,"href":"https:\/\/serbiaopen.org\/sr\/wp-json\/wp\/v2\/pages\/1365\/revisions"}],"predecessor-version":[{"id":1367,"href":"https:\/\/serbiaopen.org\/sr\/wp-json\/wp\/v2\/pages\/1365\/revisions\/1367"}],"wp:attachment":[{"href":"https:\/\/serbiaopen.org\/sr\/wp-json\/wp\/v2\/media?parent=1365"}],"curies":[{"name":"wp","href":"https:\/\/api.w.org\/{rel}","templated":true}]}}